{"id":558,"date":"2023-03-27T22:52:25","date_gmt":"2023-03-27T22:52:25","guid":{"rendered":"https:\/\/oratoriadebolso.com.br\/?page_id=558"},"modified":"2023-08-05T02:25:48","modified_gmt":"2023-08-05T02:25:48","slug":"obd-2","status":"publish","type":"page","link":"https:\/\/oratoriadebolso.com.br\/index.php\/obd-2\/","title":{"rendered":"odb2"},"content":{"rendered":"<style>\/*! elementor - v3.11.5 - 14-03-2023 *\/<br \/>\n.elementor-widget-image{text-align:center}.elementor-widget-image a{display:inline-block}.elementor-widget-image a img[src$=\".svg\"]{width:48px}.elementor-widget-image img{vertical-align:middle;display:inline-block}<\/style>\n<p><img decoding=\"async\" src=\"https:\/\/oratoriadebolso.com.br\/wp-content\/uploads\/2023\/02\/ORATORIA-1.png\" sizes=\"(max-width: 380px) 100vw, 380px\" srcset=\"https:\/\/oratoriadebolso.com.br\/wp-content\/uploads\/2023\/02\/ORATORIA-1.png 380w, https:\/\/oratoriadebolso.com.br\/wp-content\/uploads\/2023\/02\/ORATORIA-1-300x87.png 300w\" alt=\"\" width=\"380\" height=\"110\" \/><\/p>\n<style>\/*! elementor - v3.11.5 - 14-03-2023 *\/<br \/>\n.elementor-heading-title{padding:0;margin:0;line-height:1}.elementor-widget-heading .elementor-heading-title[class*=elementor-size-]>a{color:inherit;font-size:inherit;line-height:inherit}.elementor-widget-heading .elementor-heading-title.elementor-size-small{font-size:15px}.elementor-widget-heading .elementor-heading-title.elementor-size-medium{font-size:19px}.elementor-widget-heading .elementor-heading-title.elementor-size-large{font-size:29px}.elementor-widget-heading .elementor-heading-title.elementor-size-xl{font-size:39px}.elementor-widget-heading .elementor-heading-title.elementor-size-xxl{font-size:59px}<\/style>\n<h2>APRENDA A ORGANIZAR UMA APRESENTA\u00c7\u00c3O INESQUEC\u00cdVEL!<\/h2>\n<p>Esteja preparada(o), em at\u00e9 24 horas, mesmo que voc\u00ea tenha dificuldade para apresentar-se em p\u00fablico.<\/p>\n<p><a role=\"button\" href=\"#valor\"><br \/>\nQUERO FAZER APRESENTA\u00c7\u00d5ES INESQUEC\u00cdVEIS<br \/>\n<\/a><\/p>\n<h2>VOC\u00ca SE SENTE INCAPAZ DE APRESENTAR-SE EM P\u00daBLICO?<\/h2>\n<p>Quando vai fazer uma apresenta\u00e7\u00e3o, voc\u00ea sente que o nervosismo te paralisa e te faz esquecer TUDO? Voc\u00ea trava ou treme antes de apresentar-se em p\u00fablico? Se voc\u00ea disse sim para uma das perguntas, voc\u00ea precisa do curso Orat\u00f3ria de Bolso.<\/p>\n<p>Dominar a orat\u00f3ria n\u00e3o \u00e9 apenas para aqueles que nasceram com o \u201cdom da comunica\u00e7\u00e3o\u201d, \u00e9 algo totalmente \u201ctrein\u00e1vel\u201d! O curso Orat\u00f3ria de bolso garante que voc\u00ea esteja pronto em at\u00e9 24 horas antes da sua apresenta\u00e7\u00e3o, seguindo apenas nossa metodologia exclusiva, de acordo com mais de 25<br \/>\nanos de experi\u00eancia da Dra. Margibel e<br \/>\ntestada por diversos alunos.<\/p>\n<p>Destrave o seu medo de apresentar-se e aprenda a criar apresenta\u00e7\u00f5es imposs\u00edveis de serem esquecidas, mesmo que voc\u00ea n\u00e3o tenha nenhuma habilidade de orat\u00f3ria.<\/p>\n<p><a role=\"button\" href=\"#valor\"><br \/>\nQUERO FAZER APRESENTA\u00c7\u00d5ES INESQUEC\u00cdVEIS<br \/>\n<\/a><\/p>\n<p>De R$197 por apenas 10x R$11,37 ou R$97<\/p>\n<h2>O QUE CURSO \u00c9 O ORAT\u00d3RIA DE BOLSO?<\/h2>\n<p>Orat\u00f3ria de Bolso \u00e9 um curso que tem a metodologia criada para quem deseja fazer apresenta\u00e7\u00f5es presenciais ou no ambiente virtual, de maneira r\u00e1pida, f\u00e1cil e com seguran\u00e7a.<\/p>\n<p>Aprenda a projetar sua voz, vender suas<br \/>\nideias e ter uma postura confiante, por meio<br \/>\nde um treinamento pr\u00e1tico, r\u00e1pido e eficiente.<\/p>\n<p>Esse m\u00e9todo \u00e9 indicado para voc\u00ea que<br \/>\ndeseja treinar para uma apresenta\u00e7\u00e3o e tem<br \/>\npouco tempo para fazer isso, mesmo que<br \/>\nvoc\u00ea tenha medo de apresentar-se em<br \/>\np\u00fablico ou trave nas suas apresenta\u00e7\u00f5es<\/p>\n<p><a role=\"button\" href=\"#valor\"><br \/>\nQUERO FAZER APRESENTA\u00c7\u00d5ES INESQUEC\u00cdVEIS<br \/>\n<\/a><br \/>\n<img fetchpriority=\"high\" decoding=\"async\" src=\"https:\/\/oratoriadebolso.com.br\/wp-content\/uploads\/2023\/02\/Design-sem-nome-30.png\" sizes=\"(max-width: 600px) 100vw, 600px\" srcset=\"https:\/\/oratoriadebolso.com.br\/wp-content\/uploads\/2023\/02\/Design-sem-nome-30.png 600w, https:\/\/oratoriadebolso.com.br\/wp-content\/uploads\/2023\/02\/Design-sem-nome-30-300x300.png 300w, https:\/\/oratoriadebolso.com.br\/wp-content\/uploads\/2023\/02\/Design-sem-nome-30-150x150.png 150w\" alt=\"\" width=\"600\" height=\"600\" \/><\/p>\n<div class=\"ast-oembed-container \" style=\"height: 100%;\"><iframe title=\"Orat\u00f3ria de Bolso -  Dra. Margibel\" width=\"500\" height=\"281\" src=\"https:\/\/www.youtube.com\/embed\/99B-GLgEP8g?feature=oembed\" frameborder=\"0\" allow=\"accelerometer; autoplay; clipboard-write; encrypted-media; gyroscope; picture-in-picture; web-share\" referrerpolicy=\"strict-origin-when-cross-origin\" allowfullscreen><\/iframe><\/div>\n<h2>Para quem \u00e9 este curso?<\/h2>\n<ul>\n<li>Quem deseja fazer apresenta\u00e7\u00f5es presenciais ou virtuais de alto impacto<\/li>\n<\/ul>\n<ul>\n<li>Pessoas que queiram melhorar a qualidade de suas apresenta\u00e7\u00f5es para evidenciar-se em seu trabalho ou estudos e destacar-se da concorr\u00eancia.<\/li>\n<\/ul>\n<ul>\n<li>Pessoas que est\u00e3o preocupadas em manter a aten\u00e7\u00e3o da audi\u00eancia durante a apresenta\u00e7\u00e3o e precisam de orienta\u00e7\u00e3o sobre como criar uma apresenta\u00e7\u00e3o envolvente e interessante.<\/li>\n<\/ul>\n<ul>\n<li>Pessoas que t\u00eam dificuldade em transmitir informa\u00e7\u00f5es de forma clara e eficaz em apresenta\u00e7\u00f5es.<\/li>\n<\/ul>\n<ul>\n<li>Profissionais, executivos, professores, estudantes, pesquisadores, empreendedores e qualquer pessoa que precise comunicar informa\u00e7\u00f5es de forma eficaz.<\/li>\n<\/ul>\n<ul>\n<li>Pessoas que t\u00eam de melhorar suas habilidades de comunica\u00e7\u00e3o<\/li>\n<\/ul>\n<ul>\n<li>Quem deseja aprimorar sua confian\u00e7a<\/li>\n<\/ul>\n<p><a role=\"button\" href=\"#valor\"><br \/>\nQUERO FAZER APRESENTA\u00c7\u00d5ES INESQUEC\u00cdVEIS<br \/>\n<\/a><\/p>\n<h2>M\u00d3DULOS DO CURSO<\/h2>\n<p>Se voc\u00ea tem paix\u00e3o por falar em p\u00fablico e deseja ser um comunicador poderoso, ent\u00e3o este curso de orat\u00f3ria \u00e9 para voc\u00ea. Com uma professora que tem curr\u00edculo consolidado &#8211; tanto acad\u00eamico quanto profissional &#8211; ela ir\u00e1 te revelar que voc\u00ea tamb\u00e9m pode descobrir os segredos de uma boa orat\u00f3ria e se tornar um orador din\u00e2mico<br \/>\ne confiante.<\/p>\n<p><img decoding=\"async\" src=\"https:\/\/oratoriadebolso.com.br\/wp-content\/uploads\/2023\/02\/9-2.png\" sizes=\"(max-width: 400px) 100vw, 400px\" srcset=\"https:\/\/oratoriadebolso.com.br\/wp-content\/uploads\/2023\/02\/9-2.png 400w, https:\/\/oratoriadebolso.com.br\/wp-content\/uploads\/2023\/02\/9-2-200x300.png 200w\" alt=\"\" width=\"400\" height=\"600\" \/><br \/>\n<img loading=\"lazy\" decoding=\"async\" src=\"https:\/\/oratoriadebolso.com.br\/wp-content\/uploads\/2023\/02\/Modulo-.png\" sizes=\"(max-width: 400px) 100vw, 400px\" srcset=\"https:\/\/oratoriadebolso.com.br\/wp-content\/uploads\/2023\/02\/Modulo-.png 400w, https:\/\/oratoriadebolso.com.br\/wp-content\/uploads\/2023\/02\/Modulo--200x300.png 200w\" alt=\"\" width=\"400\" height=\"600\" \/><br \/>\n<img loading=\"lazy\" decoding=\"async\" src=\"https:\/\/oratoriadebolso.com.br\/wp-content\/uploads\/2023\/02\/11-2.png\" sizes=\"(max-width: 400px) 100vw, 400px\" srcset=\"https:\/\/oratoriadebolso.com.br\/wp-content\/uploads\/2023\/02\/11-2.png 400w, https:\/\/oratoriadebolso.com.br\/wp-content\/uploads\/2023\/02\/11-2-200x300.png 200w\" alt=\"\" width=\"400\" height=\"600\" \/><\/p>\n<style>\/*! elementor - v3.11.5 - 14-03-2023 *\/<br \/>\n.elementor-widget-image-carousel .swiper,.elementor-widget-image-carousel .swiper-container{position:static}.elementor-widget-image-carousel .swiper-container .swiper-slide figure,.elementor-widget-image-carousel .swiper .swiper-slide figure{line-height:inherit}.elementor-widget-image-carousel .swiper-slide{text-align:center}.elementor-image-carousel-wrapper:not(.swiper-container-initialized) .swiper-slide,.elementor-image-carousel-wrapper:not(.swiper-initialized) .swiper-slide{max-width:calc(100% \/ var(--e-image-carousel-slides-to-show, 3))}<\/style>\n<figure><img decoding=\"async\" src=\"https:\/\/oratoriadebolso.com.br\/wp-content\/uploads\/elementor\/thumbs\/9-1-q2hnmmgl89gih6h2fli2i6c7x5184evy43g4ynu7eo.png\" alt=\"9\" \/><\/figure>\n<figure><img decoding=\"async\" src=\"https:\/\/oratoriadebolso.com.br\/wp-content\/uploads\/elementor\/thumbs\/10-1-q2hnmjn2nrcnicl5w2a6sp1u4zf4hbkr3phoitydxc.png\" alt=\"10\" \/><\/figure>\n<figure><img decoding=\"async\" src=\"https:\/\/oratoriadebolso.com.br\/wp-content\/uploads\/elementor\/thumbs\/11-1-q2hnmjn2nrcnicl5w2a6sp1u4zf4hbkr3phoitydxc.png\" alt=\"11\" \/><\/figure>\n<figure><img decoding=\"async\" src=\"https:\/\/oratoriadebolso.com.br\/wp-content\/uploads\/elementor\/thumbs\/12-1-q2hnmkkwuldxtyjsqkotd6taqdahp0ohfu5603wzr4.png\" alt=\"12\" \/><\/figure>\n<figure><img decoding=\"async\" src=\"https:\/\/oratoriadebolso.com.br\/wp-content\/uploads\/elementor\/thumbs\/13-1-q2hnmkkwuldxtyjsqkotd6taqdahp0ohfu5603wzr4.png\" alt=\"13\" \/><\/figure>\n<figure><img decoding=\"async\" src=\"https:\/\/oratoriadebolso.com.br\/wp-content\/uploads\/elementor\/thumbs\/14-q2hnmlir1ff85kifl33fxokrbr5uwps7rysnhdvlkw.png\" alt=\"14\" \/><\/figure>\n<p>Previous<br \/>\nNext<br \/>\n<a role=\"button\" href=\"#valor\"><br \/>\nQUERO FAZER APRESENTA\u00c7\u00d5ES INESQUEC\u00cdVEIS<br \/>\n<\/a><\/p>\n<h2>DEPOIMENTO DOS NOSSOS ALUNOS<\/h2>\n<p>Nossa metodologia j\u00e1 foi utilizada para impulsionar profissionais de diferentes \u00e1reas a se tornarem palestrantes de sucesso!<\/p>\n<p><img loading=\"lazy\" decoding=\"async\" src=\"https:\/\/oratoriadebolso.com.br\/wp-content\/uploads\/2022\/11\/carla-botelho.png\" sizes=\"(max-width: 408px) 100vw, 408px\" srcset=\"https:\/\/oratoriadebolso.com.br\/wp-content\/uploads\/2022\/11\/carla-botelho.png 408w, https:\/\/oratoriadebolso.com.br\/wp-content\/uploads\/2022\/11\/carla-botelho-291x300.png 291w\" alt=\"\" width=\"408\" height=\"420\" \/><\/p>\n<style>\/*! elementor - v3.11.5 - 14-03-2023 *\/<br \/>\n@charset \"UTF-8\";.elementor-star-rating{color:#ccd6df;font-family:eicons;display:inline-block}.elementor-star-rating i{display:inline-block;position:relative;font-style:normal;cursor:default}.elementor-star-rating i:before{content:\"e934\";display:block;font-size:inherit;font-family:inherit;position:absolute;overflow:hidden;color:#f0ad4e;top:0;left:0}.elementor-star-rating .elementor-star-empty:before{content:none}.elementor-star-rating .elementor-star-1:before{width:10%}.elementor-star-rating .elementor-star-2:before{width:20%}.elementor-star-rating .elementor-star-3:before{width:30%}.elementor-star-rating .elementor-star-4:before{width:40%}.elementor-star-rating .elementor-star-5:before{width:50%}.elementor-star-rating .elementor-star-6:before{width:60%}.elementor-star-rating .elementor-star-7:before{width:70%}.elementor-star-rating .elementor-star-8:before{width:80%}.elementor-star-rating .elementor-star-9:before{width:90%}.elementor-star-rating__wrapper{display:flex;align-items:center}.elementor-star-rating__title{margin-right:10px}.elementor-star-rating--align-right .elementor-star-rating__wrapper{text-align:right;justify-content:flex-end}.elementor-star-rating--align-left .elementor-star-rating__wrapper{text-align:left;justify-content:flex-start}.elementor-star-rating--align-center .elementor-star-rating__wrapper{text-align:center;justify-content:center}.elementor-star-rating--align-justify .elementor-star-rating__title{margin-right:auto}@media (max-width:1024px){.elementor-star-rating-tablet--align-right .elementor-star-rating__wrapper{text-align:right;justify-content:flex-end}.elementor-star-rating-tablet--align-left .elementor-star-rating__wrapper{text-align:left;justify-content:flex-start}.elementor-star-rating-tablet--align-center .elementor-star-rating__wrapper{text-align:center;justify-content:center}.elementor-star-rating-tablet--align-justify .elementor-star-rating__title{margin-right:auto}}@media (max-width:767px){.elementor-star-rating-mobile--align-right .elementor-star-rating__wrapper{text-align:right;justify-content:flex-end}.elementor-star-rating-mobile--align-left .elementor-star-rating__wrapper{text-align:left;justify-content:flex-start}.elementor-star-rating-mobile--align-center .elementor-star-rating__wrapper{text-align:center;justify-content:center}.elementor-star-rating-mobile--align-justify .elementor-star-rating__title{margin-right:auto}}.last-star{letter-spacing:0}.elementor--star-style-star_unicode .elementor-star-rating{font-family:Arial,Helvetica,sans-serif}.elementor--star-style-star_unicode .elementor-star-rating i:not(.elementor-star-empty):before{content:\"\u2605\"}<\/style>\n<p><i>\u2605<\/i><i>\u2605<\/i><i>\u2605<\/i><i>\u2605<\/i><i>\u2605<\/i> 5\/5<\/p>\n<p>Carla Botelho<\/p>\n<p>Professora<\/p>\n<p>\u201cRealizei, presencialmente, o Curso de Orat\u00f3ria da Dra. Margibel. Com certeza, estou mais segura para falar em p\u00fablico, ap\u00f3s ter vivenciado t\u00e9cnicas e din\u00e2micas para aprimorar minha orat\u00f3ria. Recomendo!\u201d<\/p>\n<p><img loading=\"lazy\" decoding=\"async\" src=\"https:\/\/oratoriadebolso.com.br\/wp-content\/uploads\/2022\/11\/felipe-fernandes.png\" sizes=\"(max-width: 402px) 100vw, 402px\" srcset=\"https:\/\/oratoriadebolso.com.br\/wp-content\/uploads\/2022\/11\/felipe-fernandes.png 402w, https:\/\/oratoriadebolso.com.br\/wp-content\/uploads\/2022\/11\/felipe-fernandes-300x298.png 300w, https:\/\/oratoriadebolso.com.br\/wp-content\/uploads\/2022\/11\/felipe-fernandes-150x150.png 150w\" alt=\"\" width=\"402\" height=\"399\" \/><br \/>\n<i>\u2605<\/i><i>\u2605<\/i><i>\u2605<\/i><i>\u2605<\/i><i>\u2605<\/i> 5\/5<\/p>\n<p>Prof. Felipe Fernandes<\/p>\n<p>Procurador Geral do Estado (SP)<\/p>\n<p>\u201cEm 2016 tive a oportunidade de fazer uma Oficina de Orat\u00f3ria, sobre Sustenta\u00e7\u00e3o Oral, na ESPGE-SP, ministrada pela Dra. Margibel. Este treinamento foi relevante porque pude desenvolver aspectos t\u00e9cnicos e, com isso, melhorar minha orat\u00f3ria.<\/p>\n<p><img loading=\"lazy\" decoding=\"async\" src=\"https:\/\/oratoriadebolso.com.br\/wp-content\/uploads\/2022\/11\/viviane-galhardi.png\" sizes=\"(max-width: 386px) 100vw, 386px\" srcset=\"https:\/\/oratoriadebolso.com.br\/wp-content\/uploads\/2022\/11\/viviane-galhardi.png 386w, https:\/\/oratoriadebolso.com.br\/wp-content\/uploads\/2022\/11\/viviane-galhardi-300x275.png 300w\" alt=\"\" width=\"386\" height=\"354\" \/><br \/>\n<i>\u2605<\/i><i>\u2605<\/i><i>\u2605<\/i><i>\u2605<\/i><i>\u2605<\/i> 5\/5<\/p>\n<p>Viviane Galhardi<\/p>\n<p>Advogada<\/p>\n<p>\u201cFui aluna, na gradua\u00e7\u00e3o em Direito, al\u00e9m de tamb\u00e9m ter feito o Curso de Orat\u00f3ria, da Dra. Margibel. Posso afirmar que a experi\u00eancia foi bem valiosa, porque o m\u00e9todo utilizado pela professora \u00e9 acess\u00edvel e de f\u00e1cil assimila\u00e7\u00e3o.\u201d<\/p>\n<p><img loading=\"lazy\" decoding=\"async\" src=\"https:\/\/oratoriadebolso.com.br\/wp-content\/uploads\/2023\/02\/10002431-removebg-preview.png-150x150-1.png\" alt=\"\" width=\"150\" height=\"150\" \/><\/p>\n<p><strong>N\u00f3s acreditamos 100% no material deste curso para transformar sua vida. Se por qualquer raz\u00e3o voc\u00ea sentir que este curso n\u00e3o \u00e9 o que voc\u00ea estava procurando, oferecemos uma garantia incondicional de 7 dias para reembolso de 100% do seu dinheiro.<\/strong><\/p>\n<style>\/*! elementor - v3.11.5 - 14-03-2023 *\/<br \/>\nbody.elementor-page .elementor-widget-menu-anchor{margin-bottom:0}<\/style>\n<p><img loading=\"lazy\" decoding=\"async\" src=\"https:\/\/oratoriadebolso.com.br\/wp-content\/uploads\/2023\/02\/ORATORIA-2.png\" sizes=\"(max-width: 380px) 100vw, 380px\" srcset=\"https:\/\/oratoriadebolso.com.br\/wp-content\/uploads\/2023\/02\/ORATORIA-2.png 380w, https:\/\/oratoriadebolso.com.br\/wp-content\/uploads\/2023\/02\/ORATORIA-2-300x87.png 300w\" alt=\"\" width=\"380\" height=\"110\" \/><\/p>\n<ul>\n<li>Acesso imediato ap\u00f3s confirma\u00e7\u00e3o do pagamento<\/li>\n<li>\u00c1rea de membros exclusiva<\/li>\n<li>1 ano de acesso ao curso<\/li>\n<li>Suporte exclusivo e especializado para te atender<\/li>\n<li>Quer transmitir autoridade por meio da linguagem corporal<\/li>\n<li>Metodologia dos 3 P\u2019s &#8211; 3 passos<\/li>\n<\/ul>\n<p>De R$197 por apenas<\/p>\n<p>12x R$ 9,94<\/p>\n<p><a role=\"button\"><br \/>\nFAZER APRESENTA\u00c7\u00d5ES INESQUEC\u00cdVEIS<br \/>\n<\/a><\/p>\n<p><strong>Aten\u00e7\u00e3o: Pre\u00e7o promocional por tempo limitado.<\/strong><\/p>\n<p><img loading=\"lazy\" decoding=\"async\" src=\"https:\/\/oratoriadebolso.com.br\/wp-content\/uploads\/2023\/02\/10002431-removebg-preview.png-150x150-1.png\" alt=\"\" width=\"150\" height=\"150\" \/><\/p>\n<h2>FAQ &#8211; PERGUNTAS FREQUENTES<\/h2>\n<style>\/*! elementor - v3.11.5 - 14-03-2023 *\/<br \/>\n.elementor-accordion{text-align:left}.elementor-accordion .elementor-accordion-item{border:1px solid #d4d4d4}.elementor-accordion .elementor-accordion-item+.elementor-accordion-item{border-top:none}.elementor-accordion .elementor-tab-title{margin:0;padding:15px 20px;font-weight:700;line-height:1;cursor:pointer;outline:none}.elementor-accordion .elementor-tab-title .elementor-accordion-icon{display:inline-block;width:1.5em}.elementor-accordion .elementor-tab-title .elementor-accordion-icon svg{width:1em;height:1em}.elementor-accordion .elementor-tab-title .elementor-accordion-icon.elementor-accordion-icon-right{float:right;text-align:right}.elementor-accordion .elementor-tab-title .elementor-accordion-icon.elementor-accordion-icon-left{float:left;text-align:left}.elementor-accordion .elementor-tab-title .elementor-accordion-icon .elementor-accordion-icon-closed{display:block}.elementor-accordion .elementor-tab-title .elementor-accordion-icon .elementor-accordion-icon-opened,.elementor-accordion .elementor-tab-title.elementor-active .elementor-accordion-icon-closed{display:none}.elementor-accordion .elementor-tab-title.elementor-active .elementor-accordion-icon-opened{display:block}.elementor-accordion .elementor-tab-content{display:none;padding:15px 20px;border-top:1px solid #d4d4d4}@media (max-width:767px){.elementor-accordion .elementor-tab-title{padding:12px 15px}.elementor-accordion .elementor-tab-title .elementor-accordion-icon{width:1.2em}.elementor-accordion .elementor-tab-content{padding:7px 15px}}.e-con-inner>.elementor-widget-accordion,.e-con>.elementor-widget-accordion{width:var(--container-widget-width);--flex-grow:var(--container-widget-flex-grow)}<\/style>\n<p><a>Para quem foi feito o curso?<\/a><\/p>\n<p>Seja voc\u00ea iniciante ou tenha alguma experi\u00eancia, voc\u00ea encontrar\u00e1 informa\u00e7\u00f5es valiosas e dicas pr\u00e1ticas para que suas apresenta\u00e7\u00f5es sejam lembradas por muito tempo, \u00e9 um curso para quem tem ug\u00eancia em aprender a se apresentar e ter destaque no mercado<\/p>\n<p><a>Ser\u00e1 que conseguirei falar bem?<\/a><\/p>\n<p>Sim. Essa certeza vem das muitas turmas que trenei no presencial, desde 2005. Assim, como alunos no on-line. As pessoas s\u00e3o diferentes, mas o medo de falar em p\u00fablico tem a mesma raiz. \u00c9 ela que tiramos.<\/p>\n<p><a>Posso ter sucesso, sem falar bem?<\/a><\/p>\n<p>Sim, caso voc\u00ea n\u00e3o se importe de trabalhar muito para fazer crescer o sonho de outra pessoa. Se quiser tirar os seus planos do papel e se tornar a pessoa que voc\u00ea pode ser, ter\u00e1 que defender seu ponto de vista.<\/p>\n<p><a>Preciso ter dom ou voz bonita?<\/a><\/p>\n<p>Dem\u00f3stenes era gago e se tornou o maior orador de seu tempo, com t\u00e9cnica e treino.<\/p>\n<p><a>Existe uma garantia de devolu\u00e7\u00e3o do dinheiro para este infoproduto?<\/a><\/p>\n<p>Sim! Oferecemos uma garantia de devolu\u00e7\u00e3o do dinheiro em 7 dias. Se voc\u00ea n\u00e3o estiver completamente satisfeito com o infoproduto, basta nos enviar um e-mail e reembolsaremos sua compra.<\/p>\n<p><a>Como receberei o acesso ap\u00f3s a compra?<\/a><\/p>\n<p>Ap\u00f3s a compra, voc\u00ea receber\u00e1 um e-mail com um link para a \u00e1rea do aluno do Orat\u00f3ria de Bolso. Voc\u00ea pode acess\u00e1-lo de qualquer dispositivo com conex\u00e3o \u00e0 internet.<\/p>\n<p><a>Esse infoproduto \u00e9 digital ou f\u00edsico? <\/a><\/p>\n<p>Este infoproduto \u00e9 um produto digital, dispon\u00edvel em uma plataforma personalizada para quem deseja aprender de maneira r\u00e1pida e din\u00e2mica<\/p>\n<p><a>O que vou aprender com este infoproduto? <\/a><\/p>\n<p>Voc\u00ea aprender\u00e1 como falar bem em p\u00fablico, com clareza e autoridade, seja no ambiente digital ou presencial. Voc\u00ea tamb\u00e9m obter\u00e1 uma compreens\u00e3o profunda de orat\u00f3ria e ter\u00e1 as ferramentas para aplicar o que aprendeu \u00e0 sua pr\u00f3pria \u00e1rea de trabalho ou estudos.<\/p>\n<p><a>Para quem foi feito o curso<\/a><\/p>\n<p>Seja voc\u00ea iniciante ou tenha alguma experi\u00eancia, voc\u00ea encontrar\u00e1 informa\u00e7\u00f5es valiosas e dicas pr\u00e1ticas para que suas apresenta\u00e7\u00f5es sejam lembradasd por muito tempo, \u00e9 um curso para quem tem ug\u00eancia em aprender a se apresentar e ter destaque no mercado<\/p>\n","protected":false},"excerpt":{"rendered":"<p>APRENDA A ORGANIZAR UMA APRESENTA\u00c7\u00c3O INESQUEC\u00cdVEL! Esteja preparada(o), em at\u00e9 24 horas, mesmo que voc\u00ea tenha dificuldade para apresentar-se em p\u00fablico. QUERO FAZER APRESENTA\u00c7\u00d5ES INESQUEC\u00cdVEIS VOC\u00ca SE SENTE INCAPAZ DE APRESENTAR-SE EM P\u00daBLICO? Quando vai fazer uma apresenta\u00e7\u00e3o, voc\u00ea sente que o nervosismo te paralisa e te faz esquecer TUDO? Voc\u00ea trava ou treme antes [&hellip;]<\/p>\n","protected":false},"author":1,"featured_media":0,"parent":0,"menu_order":1,"comment_status":"closed","ping_status":"closed","template":"elementor_canvas","meta":{"site-sidebar-layout":"no-sidebar","site-content-layout":"page-builder","ast-site-content-layout":"","site-content-style":"default","site-sidebar-style":"default","ast-global-header-display":"","ast-banner-title-visibility":"","ast-main-header-display":"","ast-hfb-above-header-display":"","ast-hfb-below-header-display":"","ast-hfb-mobile-header-display":"","site-post-title":"disabled","ast-breadcrumbs-content":"","ast-featured-img":"disabled","footer-sml-layout":"","theme-transparent-header-meta":"","adv-header-id-meta":"","stick-header-meta":"","header-above-stick-meta":"","header-main-stick-meta":"","header-below-stick-meta":"","astra-migrate-meta-layouts":"default","ast-page-background-enabled":"default","ast-page-background-meta":{"desktop":{"background-color":"var(--ast-global-color-4)","background-image":"","background-repeat":"repeat","background-position":"center center","background-size":"auto","background-attachment":"scroll","background-type":"","background-media":"","overlay-type":"","overlay-color":"","overlay-gradient":""},"tablet":{"background-color":"","background-image":"","background-repeat":"repeat","background-position":"center center","background-size":"auto","background-attachment":"scroll","background-type":"","background-media":"","overlay-type":"","overlay-color":"","overlay-gradient":""},"mobile":{"background-color":"","background-image":"","background-repeat":"repeat","background-position":"center center","background-size":"auto","background-attachment":"scroll","background-type":"","background-media":"","overlay-type":"","overlay-color":"","overlay-gradient":""}},"ast-content-background-meta":{"desktop":{"background-color":"var(--ast-global-color-5)","background-image":"","background-repeat":"repeat","background-position":"center center","background-size":"auto","background-attachment":"scroll","background-type":"","background-media":"","overlay-type":"","overlay-color":"","overlay-gradient":""},"tablet":{"background-color":"var(--ast-global-color-5)","background-image":"","background-repeat":"repeat","background-position":"center center","background-size":"auto","background-attachment":"scroll","background-type":"","background-media":"","overlay-type":"","overlay-color":"","overlay-gradient":""},"mobile":{"background-color":"var(--ast-global-color-5)","background-image":"","background-repeat":"repeat","background-position":"center center","background-size":"auto","background-attachment":"scroll","background-type":"","background-media":"","overlay-type":"","overlay-color":"","overlay-gradient":""}},"_joinchat":[],"footnotes":""},"_links":{"self":[{"href":"https:\/\/oratoriadebolso.com.br\/index.php\/wp-json\/wp\/v2\/pages\/558"}],"collection":[{"href":"https:\/\/oratoriadebolso.com.br\/index.php\/wp-json\/wp\/v2\/pages"}],"about":[{"href":"https:\/\/oratoriadebolso.com.br\/index.php\/wp-json\/wp\/v2\/types\/page"}],"author":[{"embeddable":true,"href":"https:\/\/oratoriadebolso.com.br\/index.php\/wp-json\/wp\/v2\/users\/1"}],"replies":[{"embeddable":true,"href":"https:\/\/oratoriadebolso.com.br\/index.php\/wp-json\/wp\/v2\/comments?post=558"}],"version-history":[{"count":9,"href":"https:\/\/oratoriadebolso.com.br\/index.php\/wp-json\/wp\/v2\/pages\/558\/revisions"}],"predecessor-version":[{"id":575,"href":"https:\/\/oratoriadebolso.com.br\/index.php\/wp-json\/wp\/v2\/pages\/558\/revisions\/575"}],"wp:attachment":[{"href":"https:\/\/oratoriadebolso.com.br\/index.php\/wp-json\/wp\/v2\/media?parent=558"}],"curies":[{"name":"wp","href":"https:\/\/api.w.org\/{rel}","templated":true}]}}